{"id":249,"date":"2020-11-28T23:30:03","date_gmt":"2020-11-28T22:30:03","guid":{"rendered":"http:\/\/www.pltrend.at\/wp\/?post_type=product&#038;p=249"},"modified":"2024-05-12T14:18:26","modified_gmt":"2024-05-12T12:18:26","slug":"pltrend","status":"publish","type":"product","link":"https:\/\/www.pltrend.at\/wp\/?product=pltrend","title":{"rendered":"PLTrend V1508 (05\/2024)"},"content":{"rendered":"<p><strong>Lade kostenfrei die Testversion von PLTrend.<\/strong><\/p>\n<p>Diese Version hat keinerlei Einschr\u00e4nkungen und ist 60 Tage lauff\u00e4hig.<\/p>\n<p>Um PLTrend nach der Testphase weiter verwenden zu k\u00f6nnen musst du einen PLTrend Lizenzcode bestellen.<\/p>\n<p>&nbsp;<\/p>\n<p><strong>Download free of charge the trial version of PLTrend.<\/strong><\/p>\n<p>No limitations, works for 60 days.<\/p>\n<p>After 60 days you need to buy a license code to continue.<\/p>\n<p>&nbsp;<\/p>\n","protected":false},"excerpt":{"rendered":"<p>Lade kostenfrei die Testversion von PLTrend. Diese Version hat keinerlei Einschr\u00e4nkungen und ist 60 Tage lauff\u00e4hig. Um PLTrend nach der Testphase weiter verwenden zu k\u00f6nnen musst du einen PLTrend Lizenzcode bestellen. &nbsp; Download free of charge the trial version of PLTrend. No limitations, works for 60 days. After 60 days you need to buy a&hellip;&nbsp;<a href=\"https:\/\/www.pltrend.at\/wp\/?product=pltrend\" class=\"\" rel=\"bookmark\">Weiterlesen &raquo;<span class=\"screen-reader-text\">PLTrend V1508 (05\/2024)<\/span><\/a><\/p>\n","protected":false},"featured_media":110,"comment_status":"open","ping_status":"closed","template":"","meta":{"neve_meta_sidebar":"","neve_meta_container":"","neve_meta_enable_content_width":"off","neve_meta_content_width":100,"neve_meta_title_alignment":"","neve_meta_author_avatar":"","neve_post_elements_order":"","neve_meta_disable_header":"","neve_meta_disable_footer":"","neve_meta_disable_title":""},"product_cat":[36,34],"product_tag":[37,41,40,42,43,38,39,44],"jetpack_sharing_enabled":true,"_links":{"self":[{"href":"https:\/\/www.pltrend.at\/wp\/index.php?rest_route=\/wp\/v2\/product\/249"}],"collection":[{"href":"https:\/\/www.pltrend.at\/wp\/index.php?rest_route=\/wp\/v2\/product"}],"about":[{"href":"https:\/\/www.pltrend.at\/wp\/index.php?rest_route=\/wp\/v2\/types\/product"}],"replies":[{"embeddable":true,"href":"https:\/\/www.pltrend.at\/wp\/index.php?rest_route=%2Fwp%2Fv2%2Fcomments&post=249"}],"wp:featuredmedia":[{"embeddable":true,"href":"https:\/\/www.pltrend.at\/wp\/index.php?rest_route=\/wp\/v2\/media\/110"}],"wp:attachment":[{"href":"https:\/\/www.pltrend.at\/wp\/index.php?rest_route=%2Fwp%2Fv2%2Fmedia&parent=249"}],"wp:term":[{"taxonomy":"product_cat","embeddable":true,"href":"https:\/\/www.pltrend.at\/wp\/index.php?rest_route=%2Fwp%2Fv2%2Fproduct_cat&post=249"},{"taxonomy":"product_tag","embeddable":true,"href":"https:\/\/www.pltrend.at\/wp\/index.php?rest_route=%2Fwp%2Fv2%2Fproduct_tag&post=249"}],"curies":[{"name":"wp","href":"https:\/\/api.w.org\/{rel}","templated":true}]}}