{"id":243,"date":"2020-11-27T01:53:55","date_gmt":"2020-11-27T00:53:55","guid":{"rendered":"http:\/\/www.pltrend.at\/wp\/?post_type=product&#038;p=243"},"modified":"2020-11-28T23:40:44","modified_gmt":"2020-11-28T22:40:44","slug":"tasktracker-lizenz","status":"publish","type":"product","link":"https:\/\/www.pltrend.at\/wp\/?product=tasktracker-lizenz","title":{"rendered":"TaskTracker Lizenz Code"},"content":{"rendered":"<p>Du erh\u00e4lst einen Lizenz Code welcher das Programm TaskTracker f\u00fcr 1 Jahr freischaltet.<\/p>\n<p>Der Lizenzschl\u00fcssel gilt f\u00fcr einen PC\/Laptop und ist nicht \u00fcbertragar. Damit der Lizenschl\u00fcssel erstellt werden kann, ben\u00f6tige ich den Pfad zu dem User-Desktop f\u00fcr welchen der Code erstellt werden soll.<\/p>\n<p>&nbsp;<\/p>\n","protected":false},"excerpt":{"rendered":"<p>Du erh\u00e4lst einen Lizenz Code welcher das Programm TaskTracker f\u00fcr 1 Jahr freischaltet. Der Lizenzschl\u00fcssel gilt f\u00fcr einen PC\/Laptop und ist nicht \u00fcbertragar. Damit der Lizenschl\u00fcssel erstellt werden kann, ben\u00f6tige ich den Pfad zu dem User-Desktop f\u00fcr welchen der Code erstellt werden soll. &nbsp;<\/p>\n","protected":false},"featured_media":248,"comment_status":"open","ping_status":"closed","template":"","meta":{"neve_meta_sidebar":"","neve_meta_container":"","neve_meta_enable_content_width":"","neve_meta_content_width":0,"neve_meta_title_alignment":"","neve_meta_author_avatar":"","neve_post_elements_order":"","neve_meta_disable_header":"","neve_meta_disable_footer":"","neve_meta_disable_title":""},"product_cat":[34,32],"product_tag":[48,46,45,47],"jetpack_sharing_enabled":true,"_links":{"self":[{"href":"https:\/\/www.pltrend.at\/wp\/index.php?rest_route=\/wp\/v2\/product\/243"}],"collection":[{"href":"https:\/\/www.pltrend.at\/wp\/index.php?rest_route=\/wp\/v2\/product"}],"about":[{"href":"https:\/\/www.pltrend.at\/wp\/index.php?rest_route=\/wp\/v2\/types\/product"}],"replies":[{"embeddable":true,"href":"https:\/\/www.pltrend.at\/wp\/index.php?rest_route=%2Fwp%2Fv2%2Fcomments&post=243"}],"wp:featuredmedia":[{"embeddable":true,"href":"https:\/\/www.pltrend.at\/wp\/index.php?rest_route=\/wp\/v2\/media\/248"}],"wp:attachment":[{"href":"https:\/\/www.pltrend.at\/wp\/index.php?rest_route=%2Fwp%2Fv2%2Fmedia&parent=243"}],"wp:term":[{"taxonomy":"product_cat","embeddable":true,"href":"https:\/\/www.pltrend.at\/wp\/index.php?rest_route=%2Fwp%2Fv2%2Fproduct_cat&post=243"},{"taxonomy":"product_tag","embeddable":true,"href":"https:\/\/www.pltrend.at\/wp\/index.php?rest_route=%2Fwp%2Fv2%2Fproduct_tag&post=243"}],"curies":[{"name":"wp","href":"https:\/\/api.w.org\/{rel}","templated":true}]}}