{"id":66,"date":"2016-02-23T00:00:58","date_gmt":"2016-02-22T23:00:58","guid":{"rendered":"http:\/\/www.pltrend.at\/wp\/?page_id=66"},"modified":"2023-05-14T14:54:23","modified_gmt":"2023-05-14T12:54:23","slug":"erstaunlich-was-der-alles-kann","status":"publish","type":"page","link":"https:\/\/www.pltrend.at\/wp\/","title":{"rendered":"PLTrend : Recording &#038; MQTT Streaming"},"content":{"rendered":"\n<p class=\"has-bright-blue-color has-text-color\"><a rel=\"noreferrer noopener\" href=\"https:\/\/www-pltrend-at.translate.goog\/wp\/?_x_tr_sl=auto&amp;_x_tr_tl=en&amp;_x_tr_hl=de&amp;_x_tr_pto=wapp\" target=\"_blank\">Read in English<\/a><\/p>\n\n\n\n<figure class=\"wp-block-table aligncenter\" style=\"font-size:12px;font-style:normal;font-weight:100\"><table><thead><tr><th>B&amp;R System<\/th><th>Verbindung<\/th><th>PLTrend<\/th><th class=\"has-text-align-center\" data-align=\"center\">Ziel<\/th><\/tr><\/thead><tbody><tr><td>Es werden alle B&amp;R Systeme<sup>*<\/sup> unterst\u00fctzt. Ethernet ist bedeutend schneller, aber seriell funktioniert genauso. \u00c4ltere Systeme haben oft nur die M\u00f6glichkeit seriell anzubinden.<\/td><td>Physikalisch: seriell oder Ethernet<\/td><td>Rechner mit Windows Betriebssystem (XP, Win 7\/8\/10\/11)<\/td><td class=\"has-text-align-center\" data-align=\"center\">Daten werden <br>&#8211; visualisiert<br>&#8211; gespeichert<br>&#8211; gestreamt (<a href=\"https:\/\/www.pltrend.at\/wp\/?page_id=592\" data-type=\"page\" data-id=\"592\">MQTT<\/a>)<\/td><\/tr><tr><td><img loading=\"lazy\" decoding=\"async\" width=\"899\" height=\"860\" class=\"wp-image-605\" style=\"width: 200px;\" src=\"https:\/\/www.pltrend.at\/wp\/wp-content\/uploads\/2023\/01\/2023-01-04-22_33_39-Dokument1-Word.png\" alt=\"\" srcset=\"https:\/\/www.pltrend.at\/wp\/wp-content\/uploads\/2023\/01\/2023-01-04-22_33_39-Dokument1-Word.png 899w, https:\/\/www.pltrend.at\/wp\/wp-content\/uploads\/2023\/01\/2023-01-04-22_33_39-Dokument1-Word-300x287.png 300w, https:\/\/www.pltrend.at\/wp\/wp-content\/uploads\/2023\/01\/2023-01-04-22_33_39-Dokument1-Word-600x574.png 600w, https:\/\/www.pltrend.at\/wp\/wp-content\/uploads\/2023\/01\/2023-01-04-22_33_39-Dokument1-Word-768x735.png 768w, https:\/\/www.pltrend.at\/wp\/wp-content\/uploads\/2023\/01\/2023-01-04-22_33_39-Dokument1-Word-63x60.png 63w, https:\/\/www.pltrend.at\/wp\/wp-content\/uploads\/2023\/01\/2023-01-04-22_33_39-Dokument1-Word-94x90.png 94w\" sizes=\"(max-width: 899px) 100vw, 899px\" \/><\/td><td>PVI Protokoll<\/td><td><img loading=\"lazy\" decoding=\"async\" width=\"1650\" height=\"965\" class=\"wp-image-610\" style=\"width: 200px;\" src=\"https:\/\/www.pltrend.at\/wp\/wp-content\/uploads\/2023\/01\/2023-01-04-22_56_17-__opcua__-____-PLTrend.png\" alt=\"\" srcset=\"https:\/\/www.pltrend.at\/wp\/wp-content\/uploads\/2023\/01\/2023-01-04-22_56_17-__opcua__-____-PLTrend.png 1650w, https:\/\/www.pltrend.at\/wp\/wp-content\/uploads\/2023\/01\/2023-01-04-22_56_17-__opcua__-____-PLTrend-300x175.png 300w, https:\/\/www.pltrend.at\/wp\/wp-content\/uploads\/2023\/01\/2023-01-04-22_56_17-__opcua__-____-PLTrend-600x351.png 600w, https:\/\/www.pltrend.at\/wp\/wp-content\/uploads\/2023\/01\/2023-01-04-22_56_17-__opcua__-____-PLTrend-1024x599.png 1024w, https:\/\/www.pltrend.at\/wp\/wp-content\/uploads\/2023\/01\/2023-01-04-22_56_17-__opcua__-____-PLTrend-768x449.png 768w, https:\/\/www.pltrend.at\/wp\/wp-content\/uploads\/2023\/01\/2023-01-04-22_56_17-__opcua__-____-PLTrend-1536x898.png 1536w, https:\/\/www.pltrend.at\/wp\/wp-content\/uploads\/2023\/01\/2023-01-04-22_56_17-__opcua__-____-PLTrend-1200x702.png 1200w, https:\/\/www.pltrend.at\/wp\/wp-content\/uploads\/2023\/01\/2023-01-04-22_56_17-__opcua__-____-PLTrend-103x60.png 103w, https:\/\/www.pltrend.at\/wp\/wp-content\/uploads\/2023\/01\/2023-01-04-22_56_17-__opcua__-____-PLTrend-154x90.png 154w\" sizes=\"(max-width: 1650px) 100vw, 1650px\" \/><\/td><td class=\"has-text-align-center\" data-align=\"center\"><img loading=\"lazy\" decoding=\"async\" width=\"127\" height=\"137\" class=\"wp-image-611\" style=\"width: 100px;\" src=\"https:\/\/www.pltrend.at\/wp\/wp-content\/uploads\/2023\/01\/Filesystem-1.png\" alt=\"\" srcset=\"https:\/\/www.pltrend.at\/wp\/wp-content\/uploads\/2023\/01\/Filesystem-1.png 127w, https:\/\/www.pltrend.at\/wp\/wp-content\/uploads\/2023\/01\/Filesystem-1-56x60.png 56w, https:\/\/www.pltrend.at\/wp\/wp-content\/uploads\/2023\/01\/Filesystem-1-83x90.png 83w\" sizes=\"(max-width: 127px) 100vw, 127px\" \/><br><img loading=\"lazy\" decoding=\"async\" width=\"1460\" height=\"1251\" class=\"wp-image-612\" style=\"width: 150px;\" src=\"https:\/\/www.pltrend.at\/wp\/wp-content\/uploads\/2023\/01\/mqtt-logo-ver.jpg\" alt=\"\" srcset=\"https:\/\/www.pltrend.at\/wp\/wp-content\/uploads\/2023\/01\/mqtt-logo-ver.jpg 1460w, https:\/\/www.pltrend.at\/wp\/wp-content\/uploads\/2023\/01\/mqtt-logo-ver-300x257.jpg 300w, https:\/\/www.pltrend.at\/wp\/wp-content\/uploads\/2023\/01\/mqtt-logo-ver-600x514.jpg 600w, https:\/\/www.pltrend.at\/wp\/wp-content\/uploads\/2023\/01\/mqtt-logo-ver-1024x877.jpg 1024w, https:\/\/www.pltrend.at\/wp\/wp-content\/uploads\/2023\/01\/mqtt-logo-ver-768x658.jpg 768w, https:\/\/www.pltrend.at\/wp\/wp-content\/uploads\/2023\/01\/mqtt-logo-ver-1200x1028.jpg 1200w, https:\/\/www.pltrend.at\/wp\/wp-content\/uploads\/2023\/01\/mqtt-logo-ver-70x60.jpg 70w, https:\/\/www.pltrend.at\/wp\/wp-content\/uploads\/2023\/01\/mqtt-logo-ver-105x90.jpg 105w\" sizes=\"(max-width: 1460px) 100vw, 1460px\" \/><\/td><\/tr><\/tbody><\/table><\/figure>\n\n\n\n<p style=\"font-size:11px;font-style:normal;font-weight:400\"><sup>*<\/sup>B&amp;R-2003, B&amp;R-2005, B&amp;R-2010, Alle X20 Cpu Modelle, PowerPanel, &#8230;.<\/p>\n\n\n\n<h2 class=\"wp-block-heading\">ANALYSE \u2014 RECORDING \u2014 STREAMING \u2014 SERVICEB<\/h2>\n\n\n<h3>Flexibel &#8211; Leistungsf\u00e4hig &#8211; Einfach zu Bedienen<\/h3>\n<h3>PLTrend ist \u00fcber Jahre aus der Praxis entstanden und beinhaltet nur Funktionen aus der Praxis f\u00fcr die Praxis. PLTrend kann in vielen Bereichen entscheidend zu Ihrem Vorteil betragen.<\/h3>\n<p><a href=\"https:\/\/www.pltrend.at\/wp\/?knowledgebase=pltrend-doc-install\">F\u00fcr mehr Infos siehe hier<\/a><\/p>","protected":false},"excerpt":{"rendered":"<p>Read in English B&amp;R System Verbindung PLTrend Ziel Es werden alle B&amp;R Systeme* unterst\u00fctzt. Ethernet ist bedeutend schneller, aber seriell funktioniert genauso. \u00c4ltere Systeme haben oft nur die M\u00f6glichkeit seriell anzubinden. Physikalisch: seriell oder Ethernet Rechner mit Windows Betriebssystem (XP, Win 7\/8\/10\/11) Daten werden &#8211; visualisiert&#8211; gespeichert&#8211; gestreamt (MQTT) PVI Protokoll *B&amp;R-2003, B&amp;R-2005, B&amp;R-2010, Alle&hellip;&nbsp;<a href=\"https:\/\/www.pltrend.at\/wp\/\" class=\"\" rel=\"bookmark\">Weiterlesen &raquo;<span class=\"screen-reader-text\">PLTrend : Recording &#038; MQTT Streaming<\/span><\/a><\/p>\n","protected":false},"author":1,"featured_media":0,"parent":0,"menu_order":0,"comment_status":"open","ping_status":"closed","template":"","meta":{"neve_meta_sidebar":"","neve_meta_container":"","neve_meta_enable_content_width":"","neve_meta_content_width":0,"neve_meta_title_alignment":"","neve_meta_author_avatar":"","neve_post_elements_order":"","neve_meta_disable_header":"","neve_meta_disable_footer":"","neve_meta_disable_title":"","footnotes":""},"jetpack_sharing_enabled":true,"_links":{"self":[{"href":"https:\/\/www.pltrend.at\/wp\/index.php?rest_route=\/wp\/v2\/pages\/66"}],"collection":[{"href":"https:\/\/www.pltrend.at\/wp\/index.php?rest_route=\/wp\/v2\/pages"}],"about":[{"href":"https:\/\/www.pltrend.at\/wp\/index.php?rest_route=\/wp\/v2\/types\/page"}],"author":[{"embeddable":true,"href":"https:\/\/www.pltrend.at\/wp\/index.php?rest_route=\/wp\/v2\/users\/1"}],"replies":[{"embeddable":true,"href":"https:\/\/www.pltrend.at\/wp\/index.php?rest_route=%2Fwp%2Fv2%2Fcomments&post=66"}],"version-history":[{"count":35,"href":"https:\/\/www.pltrend.at\/wp\/index.php?rest_route=\/wp\/v2\/pages\/66\/revisions"}],"predecessor-version":[{"id":705,"href":"https:\/\/www.pltrend.at\/wp\/index.php?rest_route=\/wp\/v2\/pages\/66\/revisions\/705"}],"wp:attachment":[{"href":"https:\/\/www.pltrend.at\/wp\/index.php?rest_route=%2Fwp%2Fv2%2Fmedia&parent=66"}],"curies":[{"name":"wp","href":"https:\/\/api.w.org\/{rel}","templated":true}]}}