{"id":33,"date":"2016-02-21T23:12:29","date_gmt":"2016-02-21T22:12:29","guid":{"rendered":"http:\/\/www.pltrend.at\/wp\/?page_id=33"},"modified":"2023-09-12T20:54:06","modified_gmt":"2023-09-12T18:54:06","slug":"lizenzkosten-packages","status":"publish","type":"page","link":"https:\/\/www.pltrend.at\/wp\/?page_id=33","title":{"rendered":"Lizenzkosten \/ Packages"},"content":{"rendered":"<h3>PLTrend gibt es in 2 Ausf\u00fchrungen<\/h3>\n<p>Sie k\u00f6nnen PLTrend nach belieben testen. Eine sechzig t\u00e4gige Vollversion steht f\u00fcr den Download bereit. Die Testversion hat keinerlei Einschr\u00e4nkung &#8211; einzig wird beim Start die PLTrend Homepage ge\u00f6ffnet &#8211; sozusagen als Reminder :-).<\/p>\n<h5>Mit PVI Dongle<\/h5>\n<ul>\n<li>Installation der Software \u00fcber Download von www.pltrend.at<\/li>\n<li>Dokumentation Online abrufbar \u00fcber www.pltrend.at<\/li>\n<li>Support \u00fcber <a href=\"mailto:support@pltrend.at\">Email Support<\/a><\/li>\n<li>Freischaltung der Lizenz <a href=\"mailto:support@pltrend.at\">per Email<\/a><\/li>\n<li><a href=\"http:\/\/www.br-automation.com\/de-at\/produkte\/undefined\/5s051002u\/#basicinfo\">B&amp;R Dongle USB<\/a> Zusendung per Post \/ Paketdienst<\/li>\n<\/ul>\n<h5>Ohne PVI Dongle<\/h5>\n<ul>\n<li>Installation Software \u00fcber Download von www.pltrend.at<\/li>\n<li>Dokumentation Online abrufbar \u00fcber www.pltrend.at<\/li>\n<li>Support \u00fcber <a href=\"mailto:support@pltrend.at\">Email Support<\/a><\/li>\n<li>Freischaltung der Lizenz <a href=\"mailto:support@pltrend.at\">per Email<\/a><\/li>\n<\/ul>\n<h5>Bitte scheuen Sie sich nicht unverbindlich ein Angebot nach Ihren Erfordernissen einzuholen!<\/h5>\n<h3><\/h3>\n<hr noshade=\"noshade\" size=\"1\" \/>\n<h4>Um PLTrend zu testen ben\u00f6tigen Sie weiters&#8230;<\/h4>\n<h5>Laptop \/ Desktop<\/h5>\n<p>Da PLTrend sehr viel Grafik ausgibt, empfiehlt es sich ein ausreichend gro\u00dfes Display zu verwenden.<\/p>\n<p>PlTrend l\u00e4uft unter allen Windows Betriebssystemen.<\/p>\n<h5>Eine B&amp;R SPS<\/h5>\n<ul>\n<li>Um den Laptop zu verbinden ben\u00f6tigen Sie ein Kabel (serielles, Ethernet (Patch Kabel))<\/li>\n<\/ul>\n<blockquote>\n<h5>Alternativ &#8230;. Automation Studio Projekt mit AR000<\/h5>\n<p>Mit der Automation Runtime AR000 k\u00f6nnen Sie viele SPS Funktionalit\u00e4ten am PC simulieren. PLTrend kann auch direkt auf diese Simulation zugreifen.<\/p>\n<p>Sie ben\u00f6tigen f\u00fcr diese Ausf\u00fchrung also eine ARWin\/ARSim Runtime. Diese k\u00f6nnen Sie auch selber erstellen mit Hilfe des Automation Studios von B&amp;R<\/p><\/blockquote>\n","protected":false},"excerpt":{"rendered":"<p>PLTrend gibt es in 2 Ausf\u00fchrungen Sie k\u00f6nnen PLTrend nach belieben testen. Eine sechzig t\u00e4gige Vollversion steht f\u00fcr den Download bereit. Die Testversion hat keinerlei Einschr\u00e4nkung &#8211; einzig wird beim Start die PLTrend Homepage ge\u00f6ffnet &#8211; sozusagen als Reminder :-). Mit PVI Dongle Installation der Software \u00fcber Download von www.pltrend.at Dokumentation Online abrufbar \u00fcber www.pltrend.at&hellip;&nbsp;<a href=\"https:\/\/www.pltrend.at\/wp\/?page_id=33\" class=\"\" rel=\"bookmark\">Weiterlesen &raquo;<span class=\"screen-reader-text\">Lizenzkosten \/ Packages<\/span><\/a><\/p>\n","protected":false},"author":1,"featured_media":0,"parent":0,"menu_order":0,"comment_status":"closed","ping_status":"closed","template":"","meta":{"neve_meta_sidebar":"","neve_meta_container":"","neve_meta_enable_content_width":"","neve_meta_content_width":0,"neve_meta_title_alignment":"","neve_meta_author_avatar":"","neve_post_elements_order":"","neve_meta_disable_header":"","neve_meta_disable_footer":"","neve_meta_disable_title":"","footnotes":""},"jetpack_sharing_enabled":true,"_links":{"self":[{"href":"https:\/\/www.pltrend.at\/wp\/index.php?rest_route=\/wp\/v2\/pages\/33"}],"collection":[{"href":"https:\/\/www.pltrend.at\/wp\/index.php?rest_route=\/wp\/v2\/pages"}],"about":[{"href":"https:\/\/www.pltrend.at\/wp\/index.php?rest_route=\/wp\/v2\/types\/page"}],"author":[{"embeddable":true,"href":"https:\/\/www.pltrend.at\/wp\/index.php?rest_route=\/wp\/v2\/users\/1"}],"replies":[{"embeddable":true,"href":"https:\/\/www.pltrend.at\/wp\/index.php?rest_route=%2Fwp%2Fv2%2Fcomments&post=33"}],"version-history":[{"count":4,"href":"https:\/\/www.pltrend.at\/wp\/index.php?rest_route=\/wp\/v2\/pages\/33\/revisions"}],"predecessor-version":[{"id":844,"href":"https:\/\/www.pltrend.at\/wp\/index.php?rest_route=\/wp\/v2\/pages\/33\/revisions\/844"}],"wp:attachment":[{"href":"https:\/\/www.pltrend.at\/wp\/index.php?rest_route=%2Fwp%2Fv2%2Fmedia&parent=33"}],"curies":[{"name":"wp","href":"https:\/\/api.w.org\/{rel}","templated":true}]}}