{"id":329,"date":"2021-01-05T00:42:37","date_gmt":"2021-01-04T23:42:37","guid":{"rendered":"https:\/\/www.pltrend.at\/wp\/?page_id=329"},"modified":"2021-01-28T00:39:47","modified_gmt":"2021-01-27T23:39:47","slug":"tasktracker-aenderungen","status":"publish","type":"page","link":"https:\/\/www.pltrend.at\/wp\/?page_id=329","title":{"rendered":"TaskTracker \u00c4nderungen"},"content":{"rendered":"\n<figure class=\"wp-block-table\"><table class=\"has-fixed-layout\"><thead><tr><th>Datum<\/th><th>Version<\/th><th>\u00c4nderung<\/th><\/tr><\/thead><tbody><tr><td>2021-01-27<\/td><td>V3.50<\/td><td>1) Bei Wechsel von OFFLINE auf Task-X wird nicht mehr gefragt ob man Einloggen will<br><br>2) Win-C bei Zeitbuchungen addiert die gefundenen Zeiten der Zwischenablage auf. z.B. befinden sich in der Zwischenablage 2 Zeitbuchungen, wird die Summe der Zeiten berechnet.<\/td><\/tr><tr><td>2021-01-05<\/td><td>V3.40<\/td><td>Der Dateiname des Monatsprotokolls enth\u00e4lt nun auch das Jahr. Somit k\u00f6nnen Monatsprotokolle der vergangenen Jahre nicht mehr \u00fcberschritten werden.<br><br><\/td><\/tr><\/tbody><\/table><\/figure>\n","protected":false},"excerpt":{"rendered":"<p>Datum Version \u00c4nderung 2021-01-27 V3.50 1) Bei Wechsel von OFFLINE auf Task-X wird nicht mehr gefragt ob man Einloggen will 2) Win-C bei Zeitbuchungen addiert die gefundenen Zeiten der Zwischenablage auf. z.B. befinden sich in der Zwischenablage 2 Zeitbuchungen, wird die Summe der Zeiten berechnet. 2021-01-05 V3.40 Der Dateiname des Monatsprotokolls enth\u00e4lt nun auch das&hellip;&nbsp;<a href=\"https:\/\/www.pltrend.at\/wp\/?page_id=329\" class=\"\" rel=\"bookmark\">Weiterlesen &raquo;<span class=\"screen-reader-text\">TaskTracker \u00c4nderungen<\/span><\/a><\/p>\n","protected":false},"author":1,"featured_media":0,"parent":168,"menu_order":0,"comment_status":"open","ping_status":"closed","template":"","meta":{"neve_meta_sidebar":"","neve_meta_container":"","neve_meta_enable_content_width":"","neve_meta_content_width":0,"neve_meta_title_alignment":"","neve_meta_author_avatar":"","neve_post_elements_order":"","neve_meta_disable_header":"","neve_meta_disable_footer":"","neve_meta_disable_title":"","footnotes":""},"jetpack_sharing_enabled":true,"_links":{"self":[{"href":"https:\/\/www.pltrend.at\/wp\/index.php?rest_route=\/wp\/v2\/pages\/329"}],"collection":[{"href":"https:\/\/www.pltrend.at\/wp\/index.php?rest_route=\/wp\/v2\/pages"}],"about":[{"href":"https:\/\/www.pltrend.at\/wp\/index.php?rest_route=\/wp\/v2\/types\/page"}],"author":[{"embeddable":true,"href":"https:\/\/www.pltrend.at\/wp\/index.php?rest_route=\/wp\/v2\/users\/1"}],"replies":[{"embeddable":true,"href":"https:\/\/www.pltrend.at\/wp\/index.php?rest_route=%2Fwp%2Fv2%2Fcomments&post=329"}],"version-history":[{"count":4,"href":"https:\/\/www.pltrend.at\/wp\/index.php?rest_route=\/wp\/v2\/pages\/329\/revisions"}],"predecessor-version":[{"id":349,"href":"https:\/\/www.pltrend.at\/wp\/index.php?rest_route=\/wp\/v2\/pages\/329\/revisions\/349"}],"up":[{"embeddable":true,"href":"https:\/\/www.pltrend.at\/wp\/index.php?rest_route=\/wp\/v2\/pages\/168"}],"wp:attachment":[{"href":"https:\/\/www.pltrend.at\/wp\/index.php?rest_route=%2Fwp%2Fv2%2Fmedia&parent=329"}],"curies":[{"name":"wp","href":"https:\/\/api.w.org\/{rel}","templated":true}]}}