{"id":168,"date":"2020-07-17T22:57:32","date_gmt":"2020-07-17T20:57:32","guid":{"rendered":"http:\/\/www.pltrend.at\/wp\/?page_id=168"},"modified":"2021-01-05T00:32:47","modified_gmt":"2021-01-04T23:32:47","slug":"tasktracker","status":"publish","type":"page","link":"https:\/\/www.pltrend.at\/wp\/?page_id=168","title":{"rendered":"TaskTracker"},"content":{"rendered":"\n<p><a name=\"TT\"><\/a><\/p>\n\n\n\n<p class=\"has-medium-font-size\"><strong>Hallo. Hier gehts um dich.<\/strong><\/p>\n\n\n\n<p>TaskTracker ist kein Tool f\u00fcr Betriebe, kein Tool welches an die Cloud andocken will um hipe zu sein. TaskTracker macht einfach nur dein Leben einfacher.<\/p>\n\n\n\n<figure class=\"wp-block-image size-large is-style-default\"><img loading=\"lazy\" decoding=\"async\" width=\"915\" height=\"251\" src=\"https:\/\/www.pltrend.at\/wp\/wp-content\/uploads\/2020\/12\/TT_Home.png\" alt=\"\" class=\"wp-image-261\" srcset=\"https:\/\/www.pltrend.at\/wp\/wp-content\/uploads\/2020\/12\/TT_Home.png 915w, https:\/\/www.pltrend.at\/wp\/wp-content\/uploads\/2020\/12\/TT_Home-300x82.png 300w, https:\/\/www.pltrend.at\/wp\/wp-content\/uploads\/2020\/12\/TT_Home-600x165.png 600w, https:\/\/www.pltrend.at\/wp\/wp-content\/uploads\/2020\/12\/TT_Home-768x211.png 768w, https:\/\/www.pltrend.at\/wp\/wp-content\/uploads\/2020\/12\/TT_Home-250x69.png 250w, https:\/\/www.pltrend.at\/wp\/wp-content\/uploads\/2020\/12\/TT_Home-400x110.png 400w\" sizes=\"(max-width: 915px) 100vw, 915px\" \/><figcaption><em>Abbildung: GUI TaskTracker, einige Buttons gen\u00fcgen!<\/em><\/figcaption><\/figure>\n\n\n\n<p>Das klappt, das ist sehr, sehr einfach zu verwenden. So wenig Funktionen wie notwendig. <\/p>\n\n\n\n<p class=\"has-medium-font-size\"><strong>Also was macht TaskTracker nun eigentlich?<\/strong><\/p>\n\n\n\n<ul><li>Im einstellbaren Intervall musst du kurz durch einen Klick best\u00e4tigen dass du noch am aktuellen Arbeitstitel arbeitest.<\/li><li>Deine Best\u00e4tigungen werden in einer einfachen Textdatei mit w\u00f6chentlichem Umfang mitgeschrieben<\/li><li>Du bekommst Wochenprotokolle und Monatsprotokolle wo dein Arbeitsaufwand pro Arbeitstitel aufsummiert dargestellt wird.<\/li><li>Du kannst angeben ob du in der Firma arbeitest oder Home-Office machst.<br>Nur mit einem Klick kannst du deine Home-Office Zeiten &#8218;ausbuchen&#8216;, z.B. nachdem du diese in das Firmensystem eingetragen hast.<\/li><li>Du kannst deine Arbeitszeiten von TaskTracker ausbuchen, wenn du diese Zeiten in das Firmensystem \u00fcbernommen hast.<\/li><\/ul>\n\n\n\n<p class=\"has-medium-font-size\"><strong>Warum soll ich daf\u00fcr TaskTracker verwenden, ich schreib das doch easy in meiner Liste mit, z.B. Excel Arbeitsbericht.<\/strong><\/p>\n\n\n\n<p>Sicherlich, das geht. Solange du dich auf die Arbeitszeit Protokollierung konzentrierst und nicht auf die Arbeit. Eines davon wird fr\u00fcher oder sp\u00e4ter darunter leiden. <\/p>\n\n\n\n<p>Das gute an TaskTracker ist: du merkst in nicht. Er existiert quasi gar nicht. Wenn nach 15 oder 30 min ein Fenster kommt, dass du einfach wieder weg klickst dann unterbricht das nicht mal deinen Gedankenfluss geschweige den deinen Arbeitsfluss. Stundenlang.<\/p>\n\n\n\n<p>TaskTracker bietet aber noch einige Vorteile zus\u00e4tzlich. Deine Bezeichnungen f\u00fcr die Aufgaben musst du nur einmal eingeben (=Arbeitstitel) und verwendest diese fortan immer wieder. Das bringt Ordnung in deine Aufzeichnung. Nicht mal so geschrieben dann wieder so und nochmal Anders. Die Nummer vorne, dann hinten und schlie\u00dflich in Klammer. Schluss damit. Einmal festgelegt &#8211; immer wieder verwendet.<\/p>\n\n\n\n<p>Funktionsschema anhand eines Bildes<\/p>\n\n\n\n<figure class=\"wp-block-image size-large\"><img loading=\"lazy\" decoding=\"async\" width=\"927\" height=\"644\" src=\"https:\/\/www.pltrend.at\/wp\/wp-content\/uploads\/2021\/01\/TTDataFlow-2-1.png\" alt=\"\" class=\"wp-image-327\" srcset=\"https:\/\/www.pltrend.at\/wp\/wp-content\/uploads\/2021\/01\/TTDataFlow-2-1.png 927w, https:\/\/www.pltrend.at\/wp\/wp-content\/uploads\/2021\/01\/TTDataFlow-2-1-300x208.png 300w, https:\/\/www.pltrend.at\/wp\/wp-content\/uploads\/2021\/01\/TTDataFlow-2-1-600x417.png 600w, https:\/\/www.pltrend.at\/wp\/wp-content\/uploads\/2021\/01\/TTDataFlow-2-1-768x534.png 768w, https:\/\/www.pltrend.at\/wp\/wp-content\/uploads\/2021\/01\/TTDataFlow-2-1-250x174.png 250w, https:\/\/www.pltrend.at\/wp\/wp-content\/uploads\/2021\/01\/TTDataFlow-2-1-400x278.png 400w\" sizes=\"(max-width: 927px) 100vw, 927px\" \/><figcaption>Wesentliche Elemente und Dateien von TaskTracker<\/figcaption><\/figure>\n\n\n\n<p class=\"has-medium-font-size\"><strong>Jetzt aber mal zu den Details&#8230; also die Bedienungsanleitung<\/strong><\/p>\n\n\n\n<p>TaskTracker arbeitet fix mit dem Verzeichnis &#8222;Desktop\\Logging&#8220;. Das kannst du nicht \u00e4ndern. Im Hauptverzeichnis sind folgende Dateien und Unterverzeichnisse<\/p>\n\n\n\n<figure class=\"wp-block-table is-style-regular\"><table><tbody><tr><td>FORA<\/td><td>Dieses Verzeichnis kann beliebig anders hei\u00dfen.<br>Hierher kannst du alle Dateien verschieben, welche du als vergangen betrachtest. Also eine Art Papierkorb f\u00fcr TaskTracker.<\/td><\/tr><tr><td>MONAT<\/td><td>Hier erzeugt TaskTracker die Monatsprotokolle. <br>Tasktracker erstellt die Monatsprotokolle nicht automatisch sondern nur auf Kommando. TaskTracker verwendet dazu alle Wochen-protokolle welche im Verzeichnis REP gefunden werden. <br>Willst du \u00e4ltere Monats Protokolle nicht mehr beachten, verschiebe die entsprechenden Wochen Protokolle von REP in das Verzeichnis FORA.<br><strong>Achtung<\/strong>: um nicht unvollst\u00e4ndige Monatsprotokolle zu erzeugen, verschiebe immer <strong>alle<\/strong> Protokolle eines Monats, du erkennst das am Dateinamen.<\/td><\/tr><tr><td>OLD<\/td><td>Hierher kannst du vergangene Aufzeichnungen ablegen bevor du sie irgendwann in das FORA Verzeichnis schiebst. <\/td><\/tr><tr><td>REP<\/td><td>Hier werden alle Wochenprotokolle abgelegt. Sowohl die einfachen als auch die erweiterten Protokolle.<\/td><\/tr><tr><td>SHORT<\/td><td>Es wird eine komprimierte \/ optimierte Version der Logging Datei erzeugt. Zeilen ohne Info Gehalt werden gefiltert, Buchungseintr\u00e4ge werden optimiert geschrieben. Diese Datei ist sehr \u00fcbersichtlich und bietet die M\u00f6glichkeit schnell mal eine Buchung zu kontrollieren.<\/td><\/tr><tr><td>TaskTracker.exe<\/td><td>Die ausf\u00fchrbare Datei. Am Besten ist du startest sie automatisch mit der Windows &#8222;Autostart&#8220; Funktion.<br><strong>Das Programm kann immer mit &#8222;WIN-9&#8220; in den Vordergrund geholt werden (Intervall Abk\u00fcrzung).<\/strong><\/td><\/tr><tr><td>TaskTracker.ini<\/td><td>Basis Einstellungen &#8211; hier kannst du Anpassungen machen<br>Details siehe unten.<\/td><\/tr><tr><td>TaskTracker.de.txt<\/td><td>Eine von mehreren Sprachdateien. <\/td><\/tr><tr><td>Tasks.txt<\/td><td>Enth\u00e4lt die aktuelle Liste von deinen Arbeitsbezeichnungen, chronologisch sortiert, damit die aktuellen Eintr\u00e4ge immer oben erscheinen in der Auswahl<\/td><\/tr><tr><td>HomeTimes.txt<\/td><td>Eintr\u00e4ge deiner Home-Office Ausbuchungen. Hier steht wann du wieviele Home-Office Stunden aus dem TaskTracker herausgenommen hast (und hoffentlich in das Firmensystem \u00fcbernommen hast \ud83d\ude42<\/td><\/tr><tr><td>TTRegister.txt<\/td><td>Diese Datei enth\u00e4lt deinen Lizenzcode, dazu sp\u00e4ter mehr.<\/td><\/tr><tr><td>Logging_11_202048.txt<\/td><td>Logging Datei. Der Name enth\u00e4lt als erste Zahl das Monat ( 1 &#8211; 12). Damit ist es leicht alle Logging Dateien eines Monats zu bestimmen. Es folgt das Jahr und die Kalenderwoche. Es wird f\u00fcr jede Woche eine Datei erstellt. Findet in einer Woche ein Monatswechsel statt, werden zwei Dateien erzeugt. <br><br>Beispiel-Name:<br>Logging_11_202049.txt<br>In dieser Datei wird die Erfassung f\u00fcr die KW.49, November des Jahres 2020 gespeichert.<br><br>Logging_12_202049.txt<br>Da in Woche 49 der Monat von Nov. auf Dez. wechselt, wird eine 2-te Datei erzeugt.<\/td><\/tr><\/tbody><\/table><figcaption>Im Verzeichnis &#8222;Desktop\\Logging&#8220; findest du die Verzeichnisse \/ Dateien der oben angef\u00fchrten Tabelle.<br><br><\/figcaption><\/figure>\n\n\n\n<p class=\"has-medium-font-size\"><strong>Die Datei &#8222;TaskTracker.ini&#8220; kann angepasst werden.<\/strong><\/p>\n\n\n\n<figure class=\"wp-block-table\"><table><tbody><tr><td>Set_Intervall = 15<\/td><td>Eingabe des Abfrage Intervalls in Minuten, z.B. 15 Minuten. <\/td><\/tr><tr><td>Set_repMode&nbsp;=&nbsp;dual<\/td><td><em>simple <\/em>&#8230; Nur die simple Reports werden erstellt<br><em>extended <\/em>&#8230; Nur die erweiterten Reports werden erstellt<br><em>dual <\/em>&#8230; beide Report Typen werden erstellt.<\/td><\/tr><tr><td>Set_WinList = false<\/td><td>true &#8230; Bei jedem protokollier Vorgang wird zus\u00e4tzlich eine Liste aller offenen Programme mitgeschrieben.<br>false &#8230; die Fensterliste wird nicht mitprotokolliert.<\/td><\/tr><tr><td>Set_Language = de<\/td><td>Spracheinstellung. Die Angabe hier muss in der Textdatei wieder zu finden sein, z.B. TaskTracker.de.txt<\/td><\/tr><tr><td>1-Timer.60 = XXX<\/td><td>Beliebig viele Timer welche in der angegebenen Minuten-Zeit ausgef\u00fchrt werden. z.B. wenn <br>XXX = www.pltrend.at ist, w\u00fcrde diese Seite alle 60 Minuten ge\u00f6ffnet werden.<br>&#8222;1-Timer&#8220; = Timer-ID, diese muss f\u00fcr jeden Timer einalig sein.<br>.60 &#8230; Minutenintervall<\/td><\/tr><\/tbody><\/table><figcaption>Der Inhalt der TaskTracker.ini Datei<\/figcaption><\/figure>\n\n\n\n<p class=\"has-medium-font-size\"><strong>Tasten<\/strong><\/p>\n\n\n\n<p>Folgende Tasten Kombinationen kannst du verwenden<\/p>\n\n\n\n<p>Win-9 : Das aktuell laufende Intervall &#8211; also die Zeit bis zur n\u00e4chsten Eingabe wird \u00fcbersprungen und das Fenster sofort ge\u00f6ffnet.<\/p>\n\n\n\n<p>Win-\u00df : Erstellen von Reports. Du wirst dazu aufgefordert, eine (oder mehrere) Logging-Dateien auszuw\u00e4hlen. Diese Dateien werden neu durchgerechnet und alle Protokolle neu erstellt. Bei Bedarf auch die Monatsprotokolle.<\/p>\n\n\n\n<p class=\"has-medium-font-size\"><strong>Arbeitstitel<\/strong><\/p>\n\n\n\n<p>Der Arbeitstitel wird als Bezeichnung der durchgef\u00fchrten T\u00e4tigkeit verstanden. Der Arbeitstitel kann aus 2 Teilen bestehen, diese sind durch &#8222;::&#8220; 2 Doppelpunkte voneinander getrennt, grob beschrieben k\u00f6nnte man sagen Hauptaufgabe::Nebenaufgabe<\/p>\n\n\n\n<p>Diese Unterscheidung bzw. Unterteilung wird zur Erzeugung der zwei Reports verwendet. Im &#8222;simple&#8220; Report wird die Nebenaufgabe weggelassen und im &#8222;Extended Report&#8220; wird sie angef\u00fchrt. Der Unterschied wird sofort deutlich wenn du dir unten die Beispiel Reports ansiehst.<\/p>\n\n\n\n<p>Ein Arbeitstitel hat eine besondere Bedeutung: OFFLINE. Dieser kann direkt aus der Arbeitstitel Liste selektiert werden bzw. wird bei den Funktionen EINLOGGEN, AUSLOGGEN automatisch verwendet. Alle Eintr\u00e4ge OFFLINE beendend eine Aufzeichnungs- Folge bis wieder andere Eintr\u00e4ge gefunden werden.<\/p>\n\n\n\n<p class=\"has-medium-font-size\"><strong>Nun eine kurze Beschreibung der Buttons und H\u00e4kchen&#8230;.<\/strong><\/p>\n\n\n\n<figure class=\"wp-block-table\"><table><tbody><tr><td>Eingabefeld <br>\/ Dropdown<\/td><td>Oben links. Hier wird die zuletzt getroffene Auswahl immer vorgew\u00e4hlt. Bereits bestehende Arbeitstitel k\u00f6nnen in der DropDown Liste gleich unterhalb ausgew\u00e4hlt werden. Neue Arbeitstitel k\u00f6nnen einfach in das Eingabefeld eingegeben werden.<br>Hauptaufgabe::Nebenaufgabe oder einfach Hauptaufgabe<\/td><\/tr><tr><td>Heimarbeit<\/td><td>Dieses H\u00e4kchen gesetzt vermerkt den Status Heimarbeit bei der\/den nachkommenden Aufzeichnungen.<br>Am sp\u00e4ten Nachmittag und Morgens wird mal r\u00fcckgefragt ob der Status Heimarbeit noch stimmt.<\/td><\/tr><tr><td>Report&nbsp;zeigen&nbsp;&nbsp;&nbsp;&nbsp;&nbsp;&nbsp;&nbsp;&nbsp;&nbsp;<\/td><td>\u00d6ffnet nach dem Speichern des aktuellen Aufzeichnung Satzes die aktuellen Report Dateien im Texteditor des Systems.<\/td><\/tr><tr><td>HEIMARBEIT&nbsp;=&gt;<\/td><td>Suchen und anzeigen von Reports mit Home-Office eintr\u00e4gen. Ausbuchen: die Zeiten werden als normale Arbeitszeit weitergef\u00fchrt und in der Datei &#8222;Heimarbeit.txt&#8220; eingetragen.<\/td><\/tr><tr><td>ZEIT BUCHEN =&gt;<\/td><td>Mit dieser Funktion kannst du ganz kontrolliert deine aufgezeichneten Stunden in das Firmensystem \u00fcbertragen. Am Ende sollte f\u00fcr jede Aufgabe = 0 als Ergebnis herauskommen. In diesem Fall w\u00e4re dann die gesamte aufgezeichnete Arbeitspaket Info in das Firmensystem eingebucht worden.<\/td><\/tr><tr><td>Ausstempeln&#8211;&gt;<\/td><td>Die Zeit der letzten Stempelung bis jetzt wird unter mit dem eingestelltem Arbeitstitel protokolliert. Danach wird OFFLINE eingetragen, d.h. die nachfolgende Zeit wird nicht mehr als Arbeitszeit gewertet. Zum Beispiel vor der Mittagspause oder am Abend bei Arbeitsende.<\/td><\/tr><tr><td>&#8211;&gt;Einstempeln<\/td><td>Die Arbeitszeit beginnt mit dem selektierten Arbeitstitel. Von diesem Zeitpunkt an l\u00e4uft die Arbeitszeit wieder. z.B. nach der Mittagspause oder am Morgen.<\/td><\/tr><tr><td>WECHSEL<\/td><td>Der vorher selektierte Arbeitstitel wird bis zu diesem Zeitpunkt eingetragen, gefolgt vom Start des neuen Arbeitstitel, welchen du vor dem Klick auf diesen Button ausw\u00e4hlen musst. Wechsel des Arbeitstitels.<\/td><\/tr><tr><td>BUCHEN!<\/td><td>Der selektierte Arbeitstitel wird eingetragen. Dies ist die Standard Aktion w\u00e4hrend einer fortlaufenden Arbeit.<\/td><\/tr><tr><td>Nichts eintragen<\/td><td>Es wird gerade keine Protokollierung vorgenommen. Z.B. wenn das Programmfenster aus anderen Gr\u00fcnden (Zeitbuchungen) ge\u00f6ffnet wurde und nun einfach nur geschlossen werden soll.<\/td><\/tr><tr><td>Verzeichnis<\/td><td>Das Verzeichnis &#8222;Desktop\\Logger&#8220; wird im Windows Explorer ge\u00f6ffnet.<\/td><\/tr><tr><td>ENDE<\/td><td>Das Programm wird beendet. Dieser Vorgang ist normalerweise nicht notwendig, das Programm kann immer im Hintergrund weiterlaufen. <br>Ausnahme: z.B Programm update.<\/td><\/tr><\/tbody><\/table><\/figure>\n\n\n\n<p class=\"has-medium-font-size\"><strong>Details zur Funktion Zeit buchen<\/strong><\/p>\n\n\n\n<figure class=\"wp-block-image size-large\"><img decoding=\"async\" src=\"http:\/\/www.pltrend.at\/wp\/wp-content\/uploads\/2020\/07\/2020-07-21-01_29_35-TaskTracker.exe_.png\" alt=\"\" class=\"wp-image-177\"\/><figcaption>Ansicht &#8222;Zeit buchen&#8220; nach Auswahl einer Wochen &#8211; Logging Datei<\/figcaption><\/figure>\n\n\n\n<p>Es werden alle in der ausgew\u00e4hlten Datei gefunden Arbeitstitel angezeigt, welche noch eine buchbare Zeit aufweisen. Wurde die gesamte Arbeitszeit bereits weggebucht, erscheint der Titel nicht mehr. Rechts vom Titel wird die verf\u00fcgbare Zeit angezeigt (hh:mm, min).<\/p>\n\n\n\n<p>Diese Zeit kann noch abgebucht werden. Abbuchen bedeutet in diesem Fall: Eintragen in das Firmen System. Werden keine Arbeitstitel mehr angezeigt, bedeutet dies: die gesamte w\u00f6chentlich aufgezeichnete Arbeitsleistung ist in das Firmensystem eingetragen worden.<\/p>\n\n\n\n<p class=\"has-medium-font-size\"><strong>Lizenz<\/strong><\/p>\n\n\n\n<p>Du kannst das Programm 2 Monate kostenlos testen. Danach brauchst du eine Lizenz welche sage- und schreibe 3 cent (!) pro Tag kostet, also 83 cent pro Monat. Du ben\u00f6tigst immer eine Lizenz f\u00fcr 1 Jahr, welche dann 9.99 Euro kostet.<\/p>\n\n\n\n<p>Besuche den <a href=\"https:\/\/www.pltrend.at\/wp\/?product=tasktracker\">Shop<\/a>, dort kannst du gratis die Testversion laden bzw. auch den Registrierungscode bestellen (Nach der 2-monatigen Testphase).<\/p>\n\n\n\n<figure class=\"wp-block-video\"><video controls src=\"http:\/\/www.pltrend.at\/wp\/wp-content\/uploads\/2020\/07\/TaskTracker.mp4\"><\/video><\/figure>\n\n\n\n<p><\/p>\n","protected":false},"excerpt":{"rendered":"<p>Hallo. Hier gehts um dich. TaskTracker ist kein Tool f\u00fcr Betriebe, kein Tool welches an die Cloud andocken will um hipe zu sein. TaskTracker macht einfach nur dein Leben einfacher. Das klappt, das ist sehr, sehr einfach zu verwenden. So wenig Funktionen wie notwendig. Also was macht TaskTracker nun eigentlich? Im einstellbaren Intervall musst du&hellip;&nbsp;<a href=\"https:\/\/www.pltrend.at\/wp\/?page_id=168\" class=\"\" rel=\"bookmark\">Weiterlesen &raquo;<span class=\"screen-reader-text\">TaskTracker<\/span><\/a><\/p>\n","protected":false},"author":1,"featured_media":0,"parent":0,"menu_order":0,"comment_status":"open","ping_status":"closed","template":"","meta":{"neve_meta_sidebar":"","neve_meta_container":"","neve_meta_enable_content_width":"","neve_meta_content_width":0,"neve_meta_title_alignment":"","neve_meta_author_avatar":"","neve_post_elements_order":"","neve_meta_disable_header":"","neve_meta_disable_footer":"","neve_meta_disable_title":"","footnotes":""},"jetpack_sharing_enabled":true,"_links":{"self":[{"href":"https:\/\/www.pltrend.at\/wp\/index.php?rest_route=\/wp\/v2\/pages\/168"}],"collection":[{"href":"https:\/\/www.pltrend.at\/wp\/index.php?rest_route=\/wp\/v2\/pages"}],"about":[{"href":"https:\/\/www.pltrend.at\/wp\/index.php?rest_route=\/wp\/v2\/types\/page"}],"author":[{"embeddable":true,"href":"https:\/\/www.pltrend.at\/wp\/index.php?rest_route=\/wp\/v2\/users\/1"}],"replies":[{"embeddable":true,"href":"https:\/\/www.pltrend.at\/wp\/index.php?rest_route=%2Fwp%2Fv2%2Fcomments&post=168"}],"version-history":[{"count":24,"href":"https:\/\/www.pltrend.at\/wp\/index.php?rest_route=\/wp\/v2\/pages\/168\/revisions"}],"predecessor-version":[{"id":328,"href":"https:\/\/www.pltrend.at\/wp\/index.php?rest_route=\/wp\/v2\/pages\/168\/revisions\/328"}],"wp:attachment":[{"href":"https:\/\/www.pltrend.at\/wp\/index.php?rest_route=%2Fwp%2Fv2%2Fmedia&parent=168"}],"curies":[{"name":"wp","href":"https:\/\/api.w.org\/{rel}","templated":true}]}}